{"id":6037,"date":"2021-05-03T12:15:06","date_gmt":"2021-05-03T09:15:06","guid":{"rendered":"https:\/\/bur-mak.com\/products\/"},"modified":"2023-05-19T16:35:03","modified_gmt":"2023-05-19T13:35:03","slug":"products","status":"publish","type":"page","link":"https:\/\/bur-mak.com\/en\/products\/","title":{"rendered":"Products"},"content":{"rendered":"\t\t<div data-elementor-type=\"wp-page\" data-elementor-id=\"6037\" class=\"elementor elementor-6037 elementor-1901\">\n\t\t\t\t\t\t\t\t\t<section class=\"elementor-section elementor-top-section elementor-element elementor-element-fafe014 elementor-section-height-min-height elementor-section-items-bottom elementor-section-boxed elementor-section-height-default\" data-id=\"fafe014\" data-element_type=\"section\" data-settings=\"{&quot;background_background&quot;:&quot;video&quot;,&quot;background_video_link&quot;:&quot;https:\\\/\\\/bur-mak.com\\\/wp-content\\\/uploads\\\/2021\\\/05\\\/assfalg.mp4&quot;,&quot;background_play_on_mobile&quot;:&quot;yes&quot;}\">\n\t\t\t\t\t\t\t\t<div class=\"elementor-background-video-container\">\n\t\t\t\t\t\t\t\t\t\t\t\t\t<video class=\"elementor-background-video-hosted elementor-html5-video\" autoplay muted playsinline loop><\/video>\n\t\t\t\t\t\t\t\t\t\t\t<\/div>\n\t\t\t\t\t\t\t\t<div class=\"elementor-container elementor-column-gap-default\">\n\t\t\t\t\t<div class=\"elementor-column elementor-col-100 elementor-top-column elementor-element elementor-element-261cda4 ot-flex-column-vertical\" data-id=\"261cda4\" data-element_type=\"column\">\n\t\t\t<div class=\"elementor-widget-wrap elementor-element-populated\">\n\t\t\t\t\t\t\t\t<div class=\"elementor-element elementor-element-e3da8ed animated-slow elementor-widget elementor-widget-heading\" data-id=\"e3da8ed\" data-element_type=\"widget\" data-settings=\"{&quot;_animation&quot;:&quot;none&quot;}\" data-widget_type=\"heading.default\">\n\t\t\t\t<div class=\"elementor-widget-container\">\n\t\t\t<h3 class=\"elementor-heading-title elementor-size-default\">PRODUCTS  <\/h3>\t\t<\/div>\n\t\t\t\t<\/div>\n\t\t\t\t\t<\/div>\n\t\t<\/div>\n\t\t\t\t\t\t\t<\/div>\n\t\t<\/section>\n\t\t\t\t<section class=\"elementor-section elementor-top-section elementor-element elementor-element-1c4187b5 elementor-section-boxed elementor-section-height-default elementor-section-height-default\" data-id=\"1c4187b5\" data-element_type=\"section\">\n\t\t\t\t\t\t<div class=\"elementor-container elementor-column-gap-extended\">\n\t\t\t\t\t<div class=\"elementor-column elementor-col-33 elementor-top-column elementor-element elementor-element-c1e8d25 ot-flex-column-vertical\" data-id=\"c1e8d25\" data-element_type=\"column\">\n\t\t\t<div class=\"elementor-widget-wrap elementor-element-populated\">\n\t\t\t\t\t\t\t\t<div class=\"elementor-element elementor-element-3f695990 elementor-widget elementor-widget-image\" data-id=\"3f695990\" data-element_type=\"widget\" data-widget_type=\"image.default\">\n\t\t\t\t<div class=\"elementor-widget-container\">\n\t\t\t\t\t\t\t\t\t\t\t\t\t\t\t\t<a href=\"https:\/\/bur-mak.com\/manyetik-kaldiraclar\/\">\n\t\t\t\t\t\t\t<img decoding=\"async\" src=\"https:\/\/bur-mak.com\/wp-content\/uploads\/elementor\/thumbs\/Assfalg_kaldirma_miknatislari-scaled-p851tg1tw6jsfenb4pq45ctcizimglg4ujcg8d5tbs.jpg\" title=\"Assfalg_kaldirma_m\u0131knat\u0131slar\u0131\" alt=\"Assfalg_kaldirma_m\u0131knat\u0131slar\u0131\" loading=\"lazy\" \/>\t\t\t\t\t\t\t\t<\/a>\n\t\t\t\t\t\t\t\t\t\t\t\t\t\t\t<\/div>\n\t\t\t\t<\/div>\n\t\t\t\t<div class=\"elementor-element elementor-element-607dac76 elementor-widget elementor-widget-heading\" data-id=\"607dac76\" data-element_type=\"widget\" data-widget_type=\"heading.default\">\n\t\t\t\t<div class=\"elementor-widget-container\">\n\t\t\t<h1 class=\"elementor-heading-title elementor-size-default\"><a href=\"https:\/\/bur-mak.com\/manyetik-kaldiraclar\/\">MAGNETIC LEVERS<\/a><\/h1>\t\t<\/div>\n\t\t\t\t<\/div>\n\t\t\t\t<div class=\"elementor-element elementor-element-28bda85e elementor-widget elementor-widget-text-editor\" data-id=\"28bda85e\" data-element_type=\"widget\" data-widget_type=\"text-editor.default\">\n\t\t\t\t<div class=\"elementor-widget-container\">\n\t\t\t\t\t\t\t<p>Manually operated or electro-magnetic lifting magnets lift and move flat or round workpieces. The size and characteristics of the load will not be a problem for you up to a weight of 15,000 kg.  <\/p><\/p>\n\t\t\t\t\t\t<\/div>\n\t\t\t\t<\/div>\n\t\t\t\t\t<\/div>\n\t\t<\/div>\n\t\t\t\t<div class=\"elementor-column elementor-col-33 elementor-top-column elementor-element elementor-element-52cdfa6d ot-flex-column-vertical\" data-id=\"52cdfa6d\" data-element_type=\"column\">\n\t\t\t<div class=\"elementor-widget-wrap elementor-element-populated\">\n\t\t\t\t\t\t\t\t<div class=\"elementor-element elementor-element-29293ad3 elementor-widget elementor-widget-image\" data-id=\"29293ad3\" data-element_type=\"widget\" data-widget_type=\"image.default\">\n\t\t\t\t<div class=\"elementor-widget-container\">\n\t\t\t\t\t\t\t\t\t\t\t\t\t\t\t\t<a href=\"https:\/\/bur-mak.com\/manyetik-tabla\/\">\n\t\t\t\t\t\t\t<img decoding=\"async\" src=\"https:\/\/bur-mak.com\/wp-content\/uploads\/elementor\/thumbs\/Magnaslot-T-Slider-ee7af0df-p851kcxylzbutecuxwt074fkyhbd145f0ih835f2ys.png\" title=\"Magnaslot-T, Slider-ee7af0df\" alt=\"Magnaslot-T, Slider-ee7af0df\" loading=\"lazy\" \/>\t\t\t\t\t\t\t\t<\/a>\n\t\t\t\t\t\t\t\t\t\t\t\t\t\t\t<\/div>\n\t\t\t\t<\/div>\n\t\t\t\t<div class=\"elementor-element elementor-element-5377840 elementor-widget elementor-widget-heading\" data-id=\"5377840\" data-element_type=\"widget\" data-widget_type=\"heading.default\">\n\t\t\t\t<div class=\"elementor-widget-container\">\n\t\t\t<h2 class=\"elementor-heading-title elementor-size-default\"><a href=\"https:\/\/bur-mak.com\/manyetik-tabla\/\">MAGNETIC TABLES<\/a><\/h2>\t\t<\/div>\n\t\t\t\t<\/div>\n\t\t\t\t<div class=\"elementor-element elementor-element-73aa7bc1 elementor-widget elementor-widget-text-editor\" data-id=\"73aa7bc1\" data-element_type=\"widget\" data-widget_type=\"text-editor.default\">\n\t\t\t\t<div class=\"elementor-widget-container\">\n\t\t\t\t\t\t\t<p>Maximum holding force for safe handling with unpredictable production reserves, 5-axis machining, stabilization, minimum set-up times and increased productivity increase tool lifetime and process reliability<\/p>\n\t\t\t\t\t\t<\/div>\n\t\t\t\t<\/div>\n\t\t\t\t\t<\/div>\n\t\t<\/div>\n\t\t\t\t<div class=\"elementor-column elementor-col-33 elementor-top-column elementor-element elementor-element-ef4e8c8 ot-flex-column-vertical\" data-id=\"ef4e8c8\" data-element_type=\"column\">\n\t\t\t<div class=\"elementor-widget-wrap elementor-element-populated\">\n\t\t\t\t\t\t\t\t<div class=\"elementor-element elementor-element-2b558ec1 elementor-widget elementor-widget-image\" data-id=\"2b558ec1\" data-element_type=\"widget\" data-widget_type=\"image.default\">\n\t\t\t\t<div class=\"elementor-widget-container\">\n\t\t\t\t\t\t\t\t\t\t\t\t\t\t\t\t<a href=\"https:\/\/bur-mak.com\/pah-kirma\/\">\n\t\t\t\t\t\t\t<img decoding=\"async\" width=\"328\" height=\"317\" src=\"https:\/\/bur-mak.com\/wp-content\/uploads\/2021\/06\/assfalgsm50.png\" class=\"attachment-1536x1536 size-1536x1536 wp-image-3426\" alt=\"\" srcset=\"https:\/\/bur-mak.com\/wp-content\/uploads\/2021\/06\/assfalgsm50.png 328w, https:\/\/bur-mak.com\/wp-content\/uploads\/2021\/06\/assfalgsm50-300x290.png 300w\" sizes=\"(max-width: 328px) 100vw, 328px\" title=\"\">\t\t\t\t\t\t\t\t<\/a>\n\t\t\t\t\t\t\t\t\t\t\t\t\t\t\t<\/div>\n\t\t\t\t<\/div>\n\t\t\t\t<div class=\"elementor-element elementor-element-2e29d711 elementor-widget elementor-widget-heading\" data-id=\"2e29d711\" data-element_type=\"widget\" data-widget_type=\"heading.default\">\n\t\t\t\t<div class=\"elementor-widget-container\">\n\t\t\t<h2 class=\"elementor-heading-title elementor-size-default\"><a href=\"https:\/\/bur-mak.com\/pah-kirma\/\">WELD SEAM AND CHAMFERING<\/a><\/h2>\t\t<\/div>\n\t\t\t\t<\/div>\n\t\t\t\t<div class=\"elementor-element elementor-element-1e779435 elementor-widget elementor-widget-text-editor\" data-id=\"1e779435\" data-element_type=\"widget\" data-widget_type=\"text-editor.default\">\n\t\t\t\t<div class=\"elementor-widget-container\">\n\t\t\t\t\t\t\t<p>Mills or rounds edges precisely, safely and easily. It leaves crack-free grooves and radii on angular and round workpieces made of a wide variety of materials.  <\/p>\n\t\t\t\t\t\t<\/div>\n\t\t\t\t<\/div>\n\t\t\t\t\t<\/div>\n\t\t<\/div>\n\t\t\t\t\t\t\t<\/div>\n\t\t<\/section>\n\t\t\t\t<section class=\"elementor-section elementor-top-section elementor-element elementor-element-1139e830 elementor-section-boxed elementor-section-height-default elementor-section-height-default\" data-id=\"1139e830\" data-element_type=\"section\">\n\t\t\t\t\t\t<div class=\"elementor-container elementor-column-gap-extended\">\n\t\t\t\t\t<div class=\"elementor-column elementor-col-33 elementor-top-column elementor-element elementor-element-3eb1b3ef ot-flex-column-vertical\" data-id=\"3eb1b3ef\" data-element_type=\"column\">\n\t\t\t<div class=\"elementor-widget-wrap elementor-element-populated\">\n\t\t\t\t\t\t\t\t<div class=\"elementor-element elementor-element-1171a974 elementor-widget elementor-widget-image\" data-id=\"1171a974\" data-element_type=\"widget\" data-widget_type=\"image.default\">\n\t\t\t\t<div class=\"elementor-widget-container\">\n\t\t\t\t\t\t\t\t\t\t\t\t\t\t\t\t<a href=\"https:\/\/bur-mak.com\/kaynak-fikstruleri\/\">\n\t\t\t\t\t\t\t<img decoding=\"async\" src=\"https:\/\/bur-mak.com\/wp-content\/uploads\/elementor\/thumbs\/Boomer-BA600-Icon-Galerie-p851k1nwbywey2t8rrxhd7a1tuuygqwmyynebtvt1g.png\" title=\"Boomer BA600 Icon, Galerie\" alt=\"Boomer BA600 Icon, Galerie\" loading=\"lazy\" \/>\t\t\t\t\t\t\t\t<\/a>\n\t\t\t\t\t\t\t\t\t\t\t\t\t\t\t<\/div>\n\t\t\t\t<\/div>\n\t\t\t\t<div class=\"elementor-element elementor-element-7a210002 elementor-widget elementor-widget-heading\" data-id=\"7a210002\" data-element_type=\"widget\" data-widget_type=\"heading.default\">\n\t\t\t\t<div class=\"elementor-widget-container\">\n\t\t\t<h2 class=\"elementor-heading-title elementor-size-default\"><a href=\"https:\/\/bur-mak.com\/kaynak-fikstruleri\/\">RESOURCE FUTURES<\/a><\/h2>\t\t<\/div>\n\t\t\t\t<\/div>\n\t\t\t\t<div class=\"elementor-element elementor-element-16490dba elementor-widget elementor-widget-text-editor\" data-id=\"16490dba\" data-element_type=\"widget\" data-widget_type=\"text-editor.default\">\n\t\t\t\t<div class=\"elementor-widget-container\">\n\t\t\t\t\t\t\t<p>Thanks to magnetic welding fixtures, it will make your work easier for welding and assembly work on flat and angled materials with angle adjustment. It can be precisely adjusted over a range of (0 &#8211; 360\u00b0).<\/p>\n\t\t\t\t\t\t<\/div>\n\t\t\t\t<\/div>\n\t\t\t\t\t<\/div>\n\t\t<\/div>\n\t\t\t\t<div class=\"elementor-column elementor-col-33 elementor-top-column elementor-element elementor-element-3c88cac9 ot-flex-column-vertical\" data-id=\"3c88cac9\" data-element_type=\"column\">\n\t\t\t<div class=\"elementor-widget-wrap elementor-element-populated\">\n\t\t\t\t\t\t\t\t<div class=\"elementor-element elementor-element-18d73beb elementor-widget elementor-widget-image\" data-id=\"18d73beb\" data-element_type=\"widget\" data-widget_type=\"image.default\">\n\t\t\t\t<div class=\"elementor-widget-container\">\n\t\t\t\t\t\t\t\t\t\t\t\t\t\t\t\t<a href=\"https:\/\/bur-mak.com\/doner-sase-ve-sase-miknatislar\/\">\n\t\t\t\t\t\t\t<img decoding=\"async\" src=\"https:\/\/bur-mak.com\/wp-content\/uploads\/elementor\/thumbs\/NKK-2000-S-1-min-scaled-pr338itqultn2nkkxy9rvf550q6yckkfeilp90e0g4.jpg\" title=\"NKK 2000 S 1-min\" alt=\"NKK 2000 S 1-min\" loading=\"lazy\" \/>\t\t\t\t\t\t\t\t<\/a>\n\t\t\t\t\t\t\t\t\t\t\t\t\t\t\t<\/div>\n\t\t\t\t<\/div>\n\t\t\t\t<div class=\"elementor-element elementor-element-24552e21 elementor-widget elementor-widget-heading\" data-id=\"24552e21\" data-element_type=\"widget\" data-widget_type=\"heading.default\">\n\t\t\t\t<div class=\"elementor-widget-container\">\n\t\t\t<h2 class=\"elementor-heading-title elementor-size-default\"><a href=\"https:\/\/bur-mak.com\/kaynak-fikstruleri\/\">ROTARY CHASSIS AND CHASSIS MAGNETS<\/a><\/h2>\t\t<\/div>\n\t\t\t\t<\/div>\n\t\t\t\t<div class=\"elementor-element elementor-element-189f11ec elementor-widget elementor-widget-text-editor\" data-id=\"189f11ec\" data-element_type=\"widget\" data-widget_type=\"text-editor.default\">\n\t\t\t\t<div class=\"elementor-widget-container\">\n\t\t\t\t\t\t\t<p>It is a safe rotatable chassis equipment for the rotating workpiece. The chassis is attached to the circular workpiece. This prevents fraying of the chassis cables and eliminates the need for constant trimming of the cables.<\/p>\n\t\t\t\t\t\t<\/div>\n\t\t\t\t<\/div>\n\t\t\t\t\t<\/div>\n\t\t<\/div>\n\t\t\t\t<div class=\"elementor-column elementor-col-33 elementor-top-column elementor-element elementor-element-1b8b4ea4 ot-flex-column-vertical\" data-id=\"1b8b4ea4\" data-element_type=\"column\">\n\t\t\t<div class=\"elementor-widget-wrap elementor-element-populated\">\n\t\t\t\t\t\t\t\t<div class=\"elementor-element elementor-element-e50fd8a elementor-widget elementor-widget-image\" data-id=\"e50fd8a\" data-element_type=\"widget\" data-widget_type=\"image.default\">\n\t\t\t\t<div class=\"elementor-widget-container\">\n\t\t\t\t\t\t\t\t\t\t\t\t\t\t\t\t<a href=\"https:\/\/bur-mak.com\/hifit-yuksek-frekansli-cekicleme\/\">\n\t\t\t\t\t\t\t<img decoding=\"async\" width=\"1280\" height=\"720\" src=\"https:\/\/bur-mak.com\/wp-content\/uploads\/2023\/04\/hifitgeate.jpg\" class=\"attachment-1536x1536 size-1536x1536 wp-image-5115\" alt=\"\" srcset=\"https:\/\/bur-mak.com\/wp-content\/uploads\/2023\/04\/hifitgeate.jpg 1280w, https:\/\/bur-mak.com\/wp-content\/uploads\/2023\/04\/hifitgeate-300x169.jpg 300w, https:\/\/bur-mak.com\/wp-content\/uploads\/2023\/04\/hifitgeate-1024x576.jpg 1024w, https:\/\/bur-mak.com\/wp-content\/uploads\/2023\/04\/hifitgeate-768x432.jpg 768w\" sizes=\"(max-width: 1280px) 100vw, 1280px\" title=\"\">\t\t\t\t\t\t\t\t<\/a>\n\t\t\t\t\t\t\t\t\t\t\t\t\t\t\t<\/div>\n\t\t\t\t<\/div>\n\t\t\t\t<div class=\"elementor-element elementor-element-16645ffa elementor-widget elementor-widget-heading\" data-id=\"16645ffa\" data-element_type=\"widget\" data-widget_type=\"heading.default\">\n\t\t\t\t<div class=\"elementor-widget-container\">\n\t\t\t<h2 class=\"elementor-heading-title elementor-size-default\"><a href=\"https:\/\/bur-mak.com\/hifit-yuksek-frekansli-cekicleme\/\">HiFIT - HIGH FREQUENCY HAMMERING<\/a><\/h2>\t\t<\/div>\n\t\t\t\t<\/div>\n\t\t\t\t<div class=\"elementor-element elementor-element-660d80d3 elementor-widget elementor-widget-text-editor\" data-id=\"660d80d3\" data-element_type=\"widget\" data-widget_type=\"text-editor.default\">\n\t\t\t\t<div class=\"elementor-widget-container\">\n\t\t\t\t\t\t\t<p>Of course, hifi high-frequency impact treatment (HiFIT) is a process that has become popular in industrial applications in recent years.<\/p>\n\t\t\t\t\t\t<\/div>\n\t\t\t\t<\/div>\n\t\t\t\t\t<\/div>\n\t\t<\/div>\n\t\t\t\t\t\t\t<\/div>\n\t\t<\/section>\n\t\t\t\t\t\t\t<\/div>\n\t\t","protected":false},"excerpt":{"rendered":"<p>PRODUCTS MAGNETIC LEVERS Manually operated or electro-magnetic lifting magnets lift and move flat or round workpieces. The size and characteristics of the load will not be a problem for you up to a weight of 15,000 kg. MAGNETIC TABLES Maximum holding force for safe handling with unpredictable production reserves, 5-axis machining, stabilization, minimum set-up times [&hellip;]<\/p>\n","protected":false},"author":1,"featured_media":0,"parent":0,"menu_order":0,"comment_status":"closed","ping_status":"closed","template":"","meta":[],"_links":{"self":[{"href":"https:\/\/bur-mak.com\/en\/wp-json\/wp\/v2\/pages\/6037"}],"collection":[{"href":"https:\/\/bur-mak.com\/en\/wp-json\/wp\/v2\/pages"}],"about":[{"href":"https:\/\/bur-mak.com\/en\/wp-json\/wp\/v2\/types\/page"}],"author":[{"embeddable":true,"href":"https:\/\/bur-mak.com\/en\/wp-json\/wp\/v2\/users\/1"}],"replies":[{"embeddable":true,"href":"https:\/\/bur-mak.com\/en\/wp-json\/wp\/v2\/comments?post=6037"}],"version-history":[{"count":1,"href":"https:\/\/bur-mak.com\/en\/wp-json\/wp\/v2\/pages\/6037\/revisions"}],"predecessor-version":[{"id":6280,"href":"https:\/\/bur-mak.com\/en\/wp-json\/wp\/v2\/pages\/6037\/revisions\/6280"}],"wp:attachment":[{"href":"https:\/\/bur-mak.com\/en\/wp-json\/wp\/v2\/media?parent=6037"}],"curies":[{"name":"wp","href":"https:\/\/api.w.org\/{rel}","templated":true}]}}