{"id":6036,"date":"2020-09-07T09:01:54","date_gmt":"2020-09-07T06:01:54","guid":{"rendered":"https:\/\/bur-mak.com\/about-us\/"},"modified":"2023-05-19T16:56:59","modified_gmt":"2023-05-19T13:56:59","slug":"about-us","status":"publish","type":"page","link":"https:\/\/bur-mak.com\/en\/about-us\/","title":{"rendered":"About Us"},"content":{"rendered":"\t\t<div data-elementor-type=\"wp-page\" data-elementor-id=\"6036\" class=\"elementor elementor-6036 elementor-487\">\n\t\t\t\t\t\t\t\t\t<section class=\"elementor-section elementor-top-section elementor-element elementor-element-93e0ba5 elementor-section-height-min-height elementor-section-boxed elementor-section-height-default elementor-section-items-middle\" data-id=\"93e0ba5\" data-element_type=\"section\" data-settings=\"{&quot;background_background&quot;:&quot;classic&quot;}\">\n\t\t\t\t\t\t<div class=\"elementor-container elementor-column-gap-default\">\n\t\t\t\t\t<div class=\"elementor-column elementor-col-100 elementor-top-column elementor-element elementor-element-79111b1 ot-flex-column-vertical\" data-id=\"79111b1\" data-element_type=\"column\">\n\t\t\t<div class=\"elementor-widget-wrap\">\n\t\t\t\t\t\t\t\t\t<\/div>\n\t\t<\/div>\n\t\t\t\t\t\t\t<\/div>\n\t\t<\/section>\n\t\t\t\t<section class=\"elementor-section elementor-top-section elementor-element elementor-element-aeaf1cb elementor-section-content-middle elementor-section-boxed elementor-section-height-default elementor-section-height-default\" data-id=\"aeaf1cb\" data-element_type=\"section\">\n\t\t\t\t\t\t<div class=\"elementor-container elementor-column-gap-extended\">\n\t\t\t\t\t<div class=\"elementor-column elementor-col-50 elementor-top-column elementor-element elementor-element-e209ac4 ot-flex-column-vertical\" data-id=\"e209ac4\" data-element_type=\"column\">\n\t\t\t<div class=\"elementor-widget-wrap elementor-element-populated\">\n\t\t\t\t\t\t\t\t<div class=\"elementor-element elementor-element-34ca8c4 elementor-widget elementor-widget-image\" data-id=\"34ca8c4\" data-element_type=\"widget\" data-widget_type=\"image.default\">\n\t\t\t\t<div class=\"elementor-widget-container\">\n\t\t\t\t\t\t\t\t\t\t\t\t\t\t\t<img decoding=\"async\" width=\"847\" height=\"774\" src=\"https:\/\/bur-mak.com\/wp-content\/uploads\/2020\/07\/logo-burmak-beyaz-e1620652215395.png\" class=\"attachment-full size-full wp-image-2254\" alt=\"\" srcset=\"https:\/\/bur-mak.com\/wp-content\/uploads\/2020\/07\/logo-burmak-beyaz-e1620652215395.png 847w, https:\/\/bur-mak.com\/wp-content\/uploads\/2020\/07\/logo-burmak-beyaz-e1620652215395-300x274.png 300w, https:\/\/bur-mak.com\/wp-content\/uploads\/2020\/07\/logo-burmak-beyaz-e1620652215395-768x702.png 768w\" sizes=\"(max-width: 847px) 100vw, 847px\" title=\"\">\t\t\t\t\t\t\t\t\t\t\t\t\t\t\t<\/div>\n\t\t\t\t<\/div>\n\t\t\t\t\t<\/div>\n\t\t<\/div>\n\t\t\t\t<div class=\"elementor-column elementor-col-50 elementor-top-column elementor-element elementor-element-1feb286 ot-flex-column-vertical\" data-id=\"1feb286\" data-element_type=\"column\">\n\t\t\t<div class=\"elementor-widget-wrap elementor-element-populated\">\n\t\t\t\t\t\t\t\t<div class=\"elementor-element elementor-element-841e06b elementor-widget elementor-widget-iheading\" data-id=\"841e06b\" data-element_type=\"widget\" data-widget_type=\"iheading.default\">\n\t\t\t\t<div class=\"elementor-widget-container\">\n\t\t\t\t\t<div class=\"ot-heading\">\r\n\t        <span class=\"is_highlight\">About Us<\/span>\t        <h2 class=\"main-head\">We have been producing for you since 1932...<\/h2>\t    <\/div>\r\n\t    \t\t<\/div>\n\t\t\t\t<\/div>\n\t\t\t\t<div class=\"elementor-element elementor-element-57fb32a elementor-widget elementor-widget-iheading\" data-id=\"57fb32a\" data-element_type=\"widget\" data-widget_type=\"iheading.default\">\n\t\t\t\t<div class=\"elementor-widget-container\">\n\t\t\t\t\t<div class=\"ot-heading\">\r\n\t        \t        <h1 class=\"main-head\">BURMAK INDUSTRIAL INC. With the assurance...<\/h1>\t    <\/div>\r\n\t    \t\t<\/div>\n\t\t\t\t<\/div>\n\t\t\t\t<div class=\"elementor-element elementor-element-bb4f4ed elementor-widget elementor-widget-text-editor\" data-id=\"bb4f4ed\" data-element_type=\"widget\" data-widget_type=\"text-editor.default\">\n\t\t\t\t<div class=\"elementor-widget-container\">\n\t\t\t\t\t\t\t<p>Assfalg GmbH, which has been manufacturing magnetic levers, magnetic tables, beveling and chamfering since 1932, has been providing metalworking solutions for 4 generations and has many patents in the sector and many patents in the technological sense. As BURMAK END\u00dcSTR\u0130YEL A.\u015e., we are the authorized distributor of Assfalg GmbH in Turkey as of 2020 and our goal is to secure quality for our customers with the highest level of competitiveness.<\/p>\n\t\t\t\t\t\t<\/div>\n\t\t\t\t<\/div>\n\t\t\t\t\t<\/div>\n\t\t<\/div>\n\t\t\t\t\t\t\t<\/div>\n\t\t<\/section>\n\t\t\t\t\t\t\t<\/div>\n\t\t","protected":false},"excerpt":{"rendered":"<p>About Us We have been producing for you since 1932&#8230; BURMAK INDUSTRIAL INC. With the assurance&#8230; Assfalg GmbH, which has been manufacturing magnetic levers, magnetic tables, beveling and chamfering since 1932, has been providing metalworking solutions for 4 generations and has many patents in the sector and many patents in the technological sense. As BURMAK [&hellip;]<\/p>\n","protected":false},"author":1,"featured_media":0,"parent":0,"menu_order":0,"comment_status":"closed","ping_status":"closed","template":"","meta":[],"_links":{"self":[{"href":"https:\/\/bur-mak.com\/en\/wp-json\/wp\/v2\/pages\/6036"}],"collection":[{"href":"https:\/\/bur-mak.com\/en\/wp-json\/wp\/v2\/pages"}],"about":[{"href":"https:\/\/bur-mak.com\/en\/wp-json\/wp\/v2\/types\/page"}],"author":[{"embeddable":true,"href":"https:\/\/bur-mak.com\/en\/wp-json\/wp\/v2\/users\/1"}],"replies":[{"embeddable":true,"href":"https:\/\/bur-mak.com\/en\/wp-json\/wp\/v2\/comments?post=6036"}],"version-history":[{"count":4,"href":"https:\/\/bur-mak.com\/en\/wp-json\/wp\/v2\/pages\/6036\/revisions"}],"predecessor-version":[{"id":6307,"href":"https:\/\/bur-mak.com\/en\/wp-json\/wp\/v2\/pages\/6036\/revisions\/6307"}],"wp:attachment":[{"href":"https:\/\/bur-mak.com\/en\/wp-json\/wp\/v2\/media?parent=6036"}],"curies":[{"name":"wp","href":"https:\/\/api.w.org\/{rel}","templated":true}]}}