{"id":6025,"date":"2020-09-04T09:27:58","date_gmt":"2020-09-04T06:27:58","guid":{"rendered":"https:\/\/bur-mak.com\/contact\/"},"modified":"2023-05-19T16:55:54","modified_gmt":"2023-05-19T13:55:54","slug":"contact","status":"publish","type":"page","link":"https:\/\/bur-mak.com\/en\/contact\/","title":{"rendered":"Contact"},"content":{"rendered":"\t\t<div data-elementor-type=\"wp-page\" data-elementor-id=\"6025\" class=\"elementor elementor-6025 elementor-455\">\n\t\t\t\t\t\t\t\t\t<section class=\"elementor-section elementor-top-section elementor-element elementor-element-8a2a77e elementor-section-height-min-height elementor-section-boxed elementor-section-height-default elementor-section-items-middle\" data-id=\"8a2a77e\" data-element_type=\"section\" data-settings=\"{&quot;background_background&quot;:&quot;classic&quot;}\">\n\t\t\t\t\t\t<div class=\"elementor-container elementor-column-gap-default\">\n\t\t\t\t\t<div class=\"elementor-column elementor-col-100 elementor-top-column elementor-element elementor-element-a21ea80 ot-flex-column-vertical\" data-id=\"a21ea80\" data-element_type=\"column\">\n\t\t\t<div class=\"elementor-widget-wrap elementor-element-populated\">\n\t\t\t\t\t\t\t\t<div class=\"elementor-element elementor-element-92bedb2 elementor-widget elementor-widget-heading\" data-id=\"92bedb2\" data-element_type=\"widget\" data-widget_type=\"heading.default\">\n\t\t\t\t<div class=\"elementor-widget-container\">\n\t\t\t<h1 class=\"elementor-heading-title elementor-size-default\">Contact<\/h1>\t\t<\/div>\n\t\t\t\t<\/div>\n\t\t\t\t\t<\/div>\n\t\t<\/div>\n\t\t\t\t\t\t\t<\/div>\n\t\t<\/section>\n\t\t\t\t<section class=\"elementor-section elementor-top-section elementor-element elementor-element-86d48d0 elementor-section-boxed elementor-section-height-default elementor-section-height-default\" data-id=\"86d48d0\" data-element_type=\"section\">\n\t\t\t\t\t\t<div class=\"elementor-container elementor-column-gap-extended\">\n\t\t\t\t\t<div class=\"elementor-column elementor-col-33 elementor-top-column elementor-element elementor-element-1feabce ot-flex-column-vertical\" data-id=\"1feabce\" data-element_type=\"column\" data-settings=\"{&quot;background_background&quot;:&quot;classic&quot;}\">\n\t\t\t<div class=\"elementor-widget-wrap elementor-element-populated\">\n\t\t\t\t\t\t\t\t<div class=\"elementor-element elementor-element-030e332 elementor-widget elementor-widget-iheading\" data-id=\"030e332\" data-element_type=\"widget\" data-widget_type=\"iheading.default\">\n\t\t\t\t<div class=\"elementor-widget-container\">\n\t\t\t\t\t<div class=\"ot-heading\">\r\n\t        \t        <h3 class=\"main-head\">Contact \u0130nformation<\/h3>\t    <\/div>\r\n\t    \t\t<\/div>\n\t\t\t\t<\/div>\n\t\t\t\t<div class=\"elementor-element elementor-element-130afd7 box-s2 icon-left elementor-widget elementor-widget-iiconbox2\" data-id=\"130afd7\" data-element_type=\"widget\" data-widget_type=\"iiconbox2.default\">\n\t\t\t\t<div class=\"elementor-widget-container\">\n\t\t\t\t\t<div class=\"icon-box icon-box-2\">\r\n\t\t\t<div class=\"icon-main\">\r\n\t\t        <?xml version=\"1.0\" encoding=\"iso-8859-1\"?>\r\n<!-- Generator: Adobe Illustrator 19.0.0, SVG Export Plug-In . SVG Version: 6.00 Build 0)  -->\r\n<svg version=\"1.1\" xmlns=\"http:\/\/www.w3.org\/2000\/svg\" xmlns:xlink=\"http:\/\/www.w3.org\/1999\/xlink\" x=\"0px\" y=\"0px\"\r\n\t viewBox=\"0 0 512 512\" style=\"enable-background:new 0 0 512 512;\" xml:space=\"preserve\">\r\n<g>\r\n\t<g>\r\n\t\t<path d=\"M256,0C150.125,0,64,86.135,64,192c0,141.646,177.146,310,184.688,317.104C250.75,511.031,253.375,512,256,512\r\n\t\t\ts5.25-0.969,7.313-2.896C270.854,502,448,333.646,448,192C448,86.135,361.875,0,256,0z M256,298.667\r\n\t\t\tc-58.813,0-106.667-47.854-106.667-106.667S197.188,85.333,256,85.333S362.667,133.188,362.667,192S314.813,298.667,256,298.667z\"\r\n\t\t\t\/>\r\n\t<\/g>\r\n<\/g>\r\n<\/svg>\r\n\t        <\/div>\r\n\t        <div class=\"content-box\">\r\n\t\t\t\t<h6 class=\"title-box\"><a href=\"https:\/\/goo.gl\/maps\/zZRFLeG9eSvt3Dv68\" target=\"_blank\" rel=\"noopener\">Address :<\/a><\/h6>\t\t\t\t<p>\u00d6merbey Mah. Bursa Asfalt\u0131 No:4 16940\n                     \nMudanya \/ BURSA<\/p>\t\t\t<\/div>\r\n\t    <\/div>\r\n\t    \t\t<\/div>\n\t\t\t\t<\/div>\n\t\t\t\t<div class=\"elementor-element elementor-element-8ab1650 box-s2 icon-left elementor-widget elementor-widget-iiconbox2\" data-id=\"8ab1650\" data-element_type=\"widget\" data-widget_type=\"iiconbox2.default\">\n\t\t\t\t<div class=\"elementor-widget-container\">\n\t\t\t\t\t<div class=\"icon-box icon-box-2\">\r\n\t\t\t<div class=\"icon-main\">\r\n\t\t        <?xml version=\"1.0\" encoding=\"iso-8859-1\"?>\r\n<!-- Generator: Adobe Illustrator 19.0.0, SVG Export Plug-In . SVG Version: 6.00 Build 0)  -->\r\n<svg version=\"1.1\" xmlns=\"http:\/\/www.w3.org\/2000\/svg\" xmlns:xlink=\"http:\/\/www.w3.org\/1999\/xlink\" x=\"0px\" y=\"0px\"\r\n\t viewBox=\"0 0 384 384\" style=\"enable-background:new 0 0 384 384;\" xml:space=\"preserve\">\r\n<g>\r\n\t<g>\r\n\t\t<path d=\"M353.188,252.052c-23.51,0-46.594-3.677-68.469-10.906c-10.719-3.656-23.896-0.302-30.438,6.417l-43.177,32.594\r\n\t\t\tc-50.073-26.729-80.917-57.563-107.281-107.26l31.635-42.052c8.219-8.208,11.167-20.198,7.635-31.448\r\n\t\t\tc-7.26-21.99-10.948-45.063-10.948-68.583C132.146,13.823,118.323,0,101.333,0H30.813C13.823,0,0,13.823,0,30.813\r\n\t\t\tC0,225.563,158.438,384,353.188,384c16.99,0,30.813-13.823,30.813-30.813v-70.323C384,265.875,370.177,252.052,353.188,252.052z\"\r\n\t\t\t\/>\r\n\t<\/g>\r\n<\/g>\r\n<\/svg>\r\n\t        <\/div>\r\n\t        <div class=\"content-box\">\r\n\t\t\t\t<h6 class=\"title-box\"><a href=\"tel:+90 224 544 86 67\">Phone :<\/a><\/h6>\t\t\t\t<p>+90 224 544 86 67<\/p>\t\t\t<\/div>\r\n\t    <\/div>\r\n\t    \t\t<\/div>\n\t\t\t\t<\/div>\n\t\t\t\t<div class=\"elementor-element elementor-element-f3cf3dd box-s2 icon-left elementor-widget elementor-widget-iiconbox2\" data-id=\"f3cf3dd\" data-element_type=\"widget\" data-widget_type=\"iiconbox2.default\">\n\t\t\t\t<div class=\"elementor-widget-container\">\n\t\t\t\t\t<div class=\"icon-box icon-box-2\">\r\n\t\t\t<div class=\"icon-main\">\r\n\t\t        <i aria-hidden=\"true\" class=\"far fa-envelope\"><\/i>\t        <\/div>\r\n\t        <div class=\"content-box\">\r\n\t\t\t\t<h6 class=\"title-box\"><a href=\"mailto:info@bur-mak.com\">Email<\/a><\/h6>\t\t\t\t<p>info@bur-mak.com<\/p>\t\t\t<\/div>\r\n\t    <\/div>\r\n\t    \t\t<\/div>\n\t\t\t\t<\/div>\n\t\t\t\t\t<\/div>\n\t\t<\/div>\n\t\t\t\t<div class=\"elementor-column elementor-col-66 elementor-top-column elementor-element elementor-element-89ca7e2 ot-flex-column-vertical\" data-id=\"89ca7e2\" data-element_type=\"column\">\n\t\t\t<div class=\"elementor-widget-wrap elementor-element-populated\">\n\t\t\t\t\t\t\t\t<div class=\"elementor-element elementor-element-b4409bb elementor-widget elementor-widget-iheading\" data-id=\"b4409bb\" data-element_type=\"widget\" data-widget_type=\"iheading.default\">\n\t\t\t\t<div class=\"elementor-widget-container\">\n\t\t\t\t\t<div class=\"ot-heading\">\r\n\t        \t        <h3 class=\"main-head\">Contact Form<\/h3>\t    <\/div>\r\n\t    \t\t<\/div>\n\t\t\t\t<\/div>\n\t\t\t\t<div class=\"elementor-element elementor-element-c603ce5 elementor-widget elementor-widget-shortcode\" data-id=\"c603ce5\" data-element_type=\"widget\" data-widget_type=\"shortcode.default\">\n\t\t\t\t<div class=\"elementor-widget-container\">\n\t\t\t\t\t<div class=\"elementor-shortcode\"><div class=\"forminator-ui forminator-custom-form forminator-custom-form-6298 forminator-design--flat  forminator_ajax\" data-forminator-render=\"0\" data-form=\"forminator-module-6298\" data-uid=\"6a06e6f699459\"><br\/><\/div><form\n\t\t\t\tid=\"forminator-module-6298\"\n\t\t\t\tclass=\"forminator-ui forminator-custom-form forminator-custom-form-6298 forminator-design--flat  forminator_ajax\"\n\t\t\t\tmethod=\"post\"\n\t\t\t\tdata-forminator-render=\"0\"\n\t\t\t\tdata-form-id=\"6298\"\n\t\t\t\t\n\t\t\t\tdata-design=\"flat\"\n\t\t\t\t\n\t\t\t\t\n\t\t\t\t\n\t\t\t\tdata-grid=\"open\"\n\t\t\t\t\n\t\t\t\t\n\t\t\t\tstyle=\"display: none;\"\n\t\t\t\t\n\t\t\t\tdata-uid=\"6a06e6f699459\"\n\t\t\t><div class=\"forminator-response-message forminator-error\" aria-hidden=\"true\"><\/div><div class=\"forminator-row\"><div id=\"text-1\" class=\"forminator-col forminator-col-12 \"><div class=\"forminator-field\"><label for=\"forminator-field-text-1_6a06e6f699459\" class=\"forminator-label\">Full Name <span class=\"forminator-required\">*<\/span><\/label><input type=\"text\" name=\"text-1\" value=\"\" placeholder=\"\" id=\"forminator-field-text-1_6a06e6f699459\" class=\"forminator-input forminator-name--field\" data-required=\"1\" \/><\/div><\/div><\/div><div class=\"forminator-row\"><div id=\"email-1\" class=\"forminator-col forminator-col-12 \"><div class=\"forminator-field\"><label for=\"forminator-field-email-1_6a06e6f699459\" class=\"forminator-label\">Email <span class=\"forminator-required\">*<\/span><\/label><input type=\"email\" name=\"email-1\" value=\"\" placeholder=\"\" id=\"forminator-field-email-1_6a06e6f699459\" class=\"forminator-input forminator-email--field\" data-required=\"1\" aria-required=\"true\" \/><\/div><\/div><\/div><div class=\"forminator-row\"><div id=\"phone-1\" class=\"forminator-col forminator-col-12 \"><div class=\"forminator-field\"><label for=\"forminator-field-phone-1_6a06e6f699459\" class=\"forminator-label\">Phone<\/label><input type=\"text\" name=\"phone-1\" value=\"\" placeholder=\"\u00d6r. +90 532 123 45 67\" id=\"forminator-field-phone-1_6a06e6f699459\" class=\"forminator-input forminator-field--phone\" data-required=\"\" aria-required=\"false\" autocomplete=\"off\" \/><\/div><\/div><\/div><div class=\"forminator-row\"><div id=\"text-2\" class=\"forminator-col forminator-col-12 \"><div class=\"forminator-field\"><label for=\"forminator-field-text-2_6a06e6f699459\" class=\"forminator-label\">Subject<\/label><input type=\"text\" name=\"text-2\" value=\"\" placeholder=\"\" id=\"forminator-field-text-2_6a06e6f699459\" class=\"forminator-input forminator-name--field\" data-required=\"\" \/><\/div><\/div><\/div><div class=\"forminator-row\"><div id=\"textarea-1\" class=\"forminator-col forminator-col-12 \"><div class=\"forminator-field\"><label for=\"forminator-field-textarea-1_6a06e6f699459\" class=\"forminator-label\">Message<\/label><textarea name=\"textarea-1\" placeholder=\"\" id=\"forminator-field-textarea-1_6a06e6f699459\" class=\"forminator-textarea\" rows=\"6\" style=\"min-height:140px;\" ><\/textarea><\/div><\/div><\/div><input type=\"hidden\" name=\"referer_url\" value=\"\" \/><div class=\"forminator-row forminator-row-last\"><div class=\"forminator-col\"><div class=\"forminator-field\"><button class=\"forminator-button forminator-button-submit\">Submit<\/button><\/div><\/div><\/div><input type=\"hidden\" id=\"forminator_nonce\" name=\"forminator_nonce\" value=\"5de33c7252\" \/><input type=\"hidden\" name=\"_wp_http_referer\" value=\"\/en\/wp-json\/wp\/v2\/pages\/6025\" \/><input type=\"hidden\" name=\"form_id\" value=\"6298\"><input type=\"hidden\" name=\"page_id\" value=\"6025\"><input type=\"hidden\" name=\"form_type\" value=\"default\"><input type=\"hidden\" name=\"current_url\" value=\"https:\/\/bur-mak.com\/en\/contact\/\"><input type=\"hidden\" name=\"render_id\" value=\"0\"><input type=\"hidden\" name=\"action\" value=\"forminator_submit_form_custom-forms\"><label for=\"input_6\" class=\"forminator-hidden\" aria-hidden=\"true\">Please do not fill in this field. <input id=\"input_6\" type=\"text\" name=\"input_6\" value=\"\" autocomplete=\"off\"><\/label><\/form><\/div>\n\t\t\t\t<\/div>\n\t\t\t\t<\/div>\n\t\t\t\t\t<\/div>\n\t\t<\/div>\n\t\t\t\t\t\t\t<\/div>\n\t\t<\/section>\n\t\t\t\t<section class=\"elementor-section elementor-top-section elementor-element elementor-element-de4c36a elementor-section-full_width elementor-section-height-default elementor-section-height-default\" data-id=\"de4c36a\" data-element_type=\"section\">\n\t\t\t\t\t\t<div class=\"elementor-container elementor-column-gap-no\">\n\t\t\t\t\t<div class=\"elementor-column elementor-col-100 elementor-top-column elementor-element elementor-element-f31c287 ot-flex-column-vertical\" data-id=\"f31c287\" data-element_type=\"column\">\n\t\t\t<div class=\"elementor-widget-wrap elementor-element-populated\">\n\t\t\t\t\t\t\t\t<div class=\"elementor-element elementor-element-3e66202 elementor-widget elementor-widget-google_maps\" data-id=\"3e66202\" data-element_type=\"widget\" data-widget_type=\"google_maps.default\">\n\t\t\t\t<div class=\"elementor-widget-container\">\n\t\t\t\t\t<div class=\"elementor-custom-embed\">\n\t\t\t<iframe loading=\"lazy\"\n\t\t\t\t\tsrc=\"https:\/\/maps.google.com\/maps?q=Bursa%20Asfalt%C4%B1%20Cd.%20No%3A4&#038;t=m&#038;z=17&#038;output=embed&#038;iwloc=near\"\n\t\t\t\t\ttitle=\"Bursa Asfalt\u0131 Cd. No:4\"\n\t\t\t\t\taria-label=\"Bursa Asfalt\u0131 Cd. No:4\"\n\t\t\t><\/iframe>\n\t\t<\/div>\n\t\t\t\t<\/div>\n\t\t\t\t<\/div>\n\t\t\t\t\t<\/div>\n\t\t<\/div>\n\t\t\t\t\t\t\t<\/div>\n\t\t<\/section>\n\t\t\t\t\t\t\t<\/div>\n\t\t","protected":false},"excerpt":{"rendered":"<p>Contact Contact \u0130nformation Address : \u00d6merbey Mah. Bursa Asfalt\u0131 No:4 16940 Mudanya \/ BURSA Phone : +90 224 544 86 67 Email info@bur-mak.com Contact Form<\/p>\n","protected":false},"author":1,"featured_media":0,"parent":0,"menu_order":0,"comment_status":"closed","ping_status":"closed","template":"","meta":[],"_links":{"self":[{"href":"https:\/\/bur-mak.com\/en\/wp-json\/wp\/v2\/pages\/6025"}],"collection":[{"href":"https:\/\/bur-mak.com\/en\/wp-json\/wp\/v2\/pages"}],"about":[{"href":"https:\/\/bur-mak.com\/en\/wp-json\/wp\/v2\/types\/page"}],"author":[{"embeddable":true,"href":"https:\/\/bur-mak.com\/en\/wp-json\/wp\/v2\/users\/1"}],"replies":[{"embeddable":true,"href":"https:\/\/bur-mak.com\/en\/wp-json\/wp\/v2\/comments?post=6025"}],"version-history":[{"count":10,"href":"https:\/\/bur-mak.com\/en\/wp-json\/wp\/v2\/pages\/6025\/revisions"}],"predecessor-version":[{"id":6304,"href":"https:\/\/bur-mak.com\/en\/wp-json\/wp\/v2\/pages\/6025\/revisions\/6304"}],"wp:attachment":[{"href":"https:\/\/bur-mak.com\/en\/wp-json\/wp\/v2\/media?parent=6025"}],"curies":[{"name":"wp","href":"https:\/\/api.w.org\/{rel}","templated":true}]}}